{"id":3653,"date":"2024-03-26T17:47:19","date_gmt":"2024-03-26T16:47:19","guid":{"rendered":"https:\/\/bojana.magic-studio.hu\/?page_id=3653"},"modified":"2024-05-13T16:45:39","modified_gmt":"2024-05-13T14:45:39","slug":"adatvedelmi-tajekoztato","status":"publish","type":"page","link":"https:\/\/bojana.magic-studio.hu\/de\/adatvedelmi-tajekoztato\/","title":{"rendered":"Datenschutz"},"content":{"rendered":"<div data-elementor-type=\"wp-page\" data-elementor-id=\"3653\" class=\"elementor elementor-3653\">\n\t\t\t\t<div class=\"elementor-element elementor-element-32fe8e4 e-flex e-con-boxed e-con e-parent\" data-id=\"32fe8e4\" data-element_type=\"container\">\n\t\t\t\t\t<div class=\"e-con-inner\">\n\t\t\t\t<div class=\"elementor-element elementor-element-c54ef7b elementor-widget elementor-widget-spacer\" data-id=\"c54ef7b\" data-element_type=\"widget\" data-widget_type=\"spacer.default\">\n\t\t\t\t<div class=\"elementor-widget-container\">\n\t\t\t\t\t\t\t<div class=\"elementor-spacer\">\n\t\t\t<div class=\"elementor-spacer-inner\"><\/div>\n\t\t<\/div>\n\t\t\t\t\t\t<\/div>\n\t\t\t\t<\/div>\n\t\t\t\t\t<\/div>\n\t\t\t\t<\/div>\n\t\t<div class=\"elementor-element elementor-element-7b36e35 e-flex e-con-boxed e-con e-parent\" data-id=\"7b36e35\" data-element_type=\"container\">\n\t\t\t\t\t<div class=\"e-con-inner\">\n\t\t\t\t<div class=\"elementor-element elementor-element-c5d3626 elementor-widget elementor-widget-heading\" data-id=\"c5d3626\" data-element_type=\"widget\" data-widget_type=\"heading.default\">\n\t\t\t\t<div class=\"elementor-widget-container\">\n\t\t\t\t\t<h3 class=\"elementor-heading-title elementor-size-default\">Datenschutz<\/h3>\t\t\t\t<\/div>\n\t\t\t\t<\/div>\n\t\t\t\t<div class=\"elementor-element elementor-element-b566993 elementor-widget elementor-widget-spacer\" data-id=\"b566993\" data-element_type=\"widget\" data-widget_type=\"spacer.default\">\n\t\t\t\t<div class=\"elementor-widget-container\">\n\t\t\t\t\t\t\t<div class=\"elementor-spacer\">\n\t\t\t<div class=\"elementor-spacer-inner\"><\/div>\n\t\t<\/div>\n\t\t\t\t\t\t<\/div>\n\t\t\t\t<\/div>\n\t\t\t\t\t<\/div>\n\t\t\t\t<\/div>\n\t\t<div class=\"elementor-element elementor-element-2069f34 e-flex e-con-boxed e-con e-parent\" data-id=\"2069f34\" data-element_type=\"container\">\n\t\t\t\t\t<div class=\"e-con-inner\">\n\t\t\t\t<div class=\"elementor-element elementor-element-444097f elementor-widget elementor-widget-table-of-contents\" data-id=\"444097f\" data-element_type=\"widget\" data-widget_type=\"table-of-contents.default\">\n\t\t\t\t<div class=\"elementor-widget-container\">\n\t\t\t\t\t \t\t\t\t<\/div>\n\t\t\t\t<\/div>\n\t\t\t\t<div class=\"elementor-element elementor-element-c63d67f elementor-widget elementor-widget-spacer\" data-id=\"c63d67f\" data-element_type=\"widget\" data-widget_type=\"spacer.default\">\n\t\t\t\t<div class=\"elementor-widget-container\">\n\t\t\t\t\t\t\t<div class=\"elementor-spacer\">\n\t\t\t<div class=\"elementor-spacer-inner\"><\/div>\n\t\t<\/div>\n\t\t\t\t\t\t<\/div>\n\t\t\t\t<\/div>\n\t\t\t\t\t<\/div>\n\t\t\t\t<\/div>\n\t\t<div class=\"elementor-element elementor-element-0f03499 e-flex e-con-boxed e-con e-parent\" data-id=\"0f03499\" data-element_type=\"container\">\n\t\t\t\t\t<div class=\"e-con-inner\">\n\t\t\t\t<div class=\"elementor-element elementor-element-b675fef elementor-widget elementor-widget-heading\" data-id=\"b675fef\" data-element_type=\"widget\" data-widget_type=\"heading.default\">\n\t\t\t\t<div class=\"elementor-widget-container\">\n\t\t\t\t\t<h4 class=\"elementor-heading-title elementor-size-default\">Bevezet\u0151<\/h4>\t\t\t\t<\/div>\n\t\t\t\t<\/div>\n\t\t\t\t<div class=\"elementor-element elementor-element-986bb7c elementor-widget elementor-widget-text-editor\" data-id=\"986bb7c\" data-element_type=\"widget\" data-widget_type=\"text-editor.default\">\n\t\t\t\t<div class=\"elementor-widget-container\">\n\t\t\t\t\t\t\t\t\t<p>Az adatv\u00e9delmi szab\u00e1lyoz\u00e1s alappill\u00e9re az Eur\u00f3pai Uni\u00f3 \u00e1ltal\u00e1nos adatv\u00e9delmi rendelete (a tov\u00e1bbiakban: GDPR rendelet). Ennek ment\u00e9n haladva, a tov\u00e1bbiakban r\u00e9szletezem a <em>bojana.magic-studio.hu<\/em> weboldalam \u00e9s v\u00e1llalkoz\u00e1som adatgy\u0171jt\u00e9ssel kapcsolatos folyamatait, \u00e9s az adatv\u00e9delemre ir\u00e1nyul\u00f3 l\u00e9p\u00e9seket.<\/p><div>\u00a0<\/div>\t\t\t\t\t\t\t\t<\/div>\n\t\t\t\t<\/div>\n\t\t\t\t\t<\/div>\n\t\t\t\t<\/div>\n\t\t<div class=\"elementor-element elementor-element-9572492 e-flex e-con-boxed e-con e-parent\" data-id=\"9572492\" data-element_type=\"container\">\n\t\t\t\t\t<div class=\"e-con-inner\">\n\t\t\t\t<div class=\"elementor-element elementor-element-6df661f elementor-widget elementor-widget-heading\" data-id=\"6df661f\" data-element_type=\"widget\" data-widget_type=\"heading.default\">\n\t\t\t\t<div class=\"elementor-widget-container\">\n\t\t\t\t\t<h4 class=\"elementor-heading-title elementor-size-default\">Alapfogalmak<\/h4>\t\t\t\t<\/div>\n\t\t\t\t<\/div>\n\t\t\t\t<div class=\"elementor-element elementor-element-b9eb648 elementor-widget elementor-widget-text-editor\" data-id=\"b9eb648\" data-element_type=\"widget\" data-widget_type=\"text-editor.default\">\n\t\t\t\t<div class=\"elementor-widget-container\">\n\t\t\t\t\t\t\t\t\t<ul><li><strong>szem\u00e9lyes adat:<\/strong> azonos\u00edtott vagy azonos\u00edthat\u00f3 term\u00e9szetes szem\u00e9lyre (\u00e9rintettre) vonatkoz\u00f3 b\u00e1rmely inform\u00e1ci\u00f3,<\/li><li><strong>\u00e9rintett:<\/strong> a weboldalammal kapcsolatba ker\u00fcl\u0151, b\u00e1rmely inform\u00e1ci\u00f3 alapj\u00e1n azonos\u00edthat\u00f3 term\u00e9szetes szem\u00e9ly,<\/li><li><strong>adatkezel\u00e9s: <\/strong>szem\u00e9lyes adatok gy\u0171jt\u00e9se, r\u00f6gz\u00edt\u00e9se, rendszerez\u00e9se, tagol\u00e1sa, t\u00e1rol\u00e1sa, \u00e1talak\u00edt\u00e1sa vagy megv\u00e1ltoztat\u00e1sa, lek\u00e9rdez\u00e9se, betekint\u00e9se, felhaszn\u00e1l\u00e1sa, k\u00f6zl\u00e9s tov\u00e1bb\u00edt\u00e1sa, terjeszt\u00e9se vagy egy\u00e9b m\u00f3don t\u00f6rt\u00e9n\u0151 hozz\u00e1f\u00e9rhet\u0151v\u00e9 t\u00e9tele \u00fatj\u00e1n, \u00f6sszehangol\u00e1sa vagy \u00f6sszekapcsol\u00e1sa, korl\u00e1toz\u00e1sa, t\u00f6rl\u00e9se, illetve megsemmis\u00edt\u00e9se,<\/li><li><strong>adatkezel\u0151:<\/strong> az a term\u00e9szetes szem\u00e9ly, aki a szem\u00e9lyes adatok kezel\u00e9s\u00e9nek c\u00e9ljait \u00e9s eszk\u00f6zeit \u00f6n\u00e1ll\u00f3an vagy m\u00e1sokkal egy\u00fctt meghat\u00e1rozza; ha az adatkezel\u00e9s c\u00e9ljait \u00e9s eszk\u00f6zeit az uni\u00f3s vagy a tag\u00e1llami jog hat\u00e1rozza meg, az adatkezel\u0151t vagy az adatkezel\u0151 kijel\u00f6l\u00e9s\u00e9re vonatkoz\u00f3 k\u00fcl\u00f6n\u00f6s szempontokat az uni\u00f3s vagy a tag\u00e1llami jog is meghat\u00e1rozhatja,<\/li><li><strong>harmadik f\u00e9l:<\/strong> az a term\u00e9szetes vagy jogi szem\u00e9ly, k\u00f6zhatalmi szerv, \u00fcgyn\u00f6ks\u00e9g vagy b\u00e1rmely egy\u00e9b szerv, amely nem azonos az \u00e9rintettel, az adatkezel\u0151vel, az adatfeldolgoz\u00f3val vagy azokkal a szem\u00e9lyekkel, akik az adatkezel\u0151 vagy adatfeldolgoz\u00f3 k\u00f6zvetlen ir\u00e1ny\u00edt\u00e1sa alatt a szem\u00e9lyes adatok kezel\u00e9s\u00e9re felhatalmaz\u00e1st kaptak,<\/li><li><strong>adatv\u00e9delmi incidens:<\/strong> a biztons\u00e1g olyan s\u00e9r\u00fcl\u00e9se, amely a tov\u00e1bb\u00edtott, t\u00e1rolt vagy m\u00e1s m\u00f3don kezelt szem\u00e9lyes adatok v\u00e9letlen vagy jogellenes megsemmis\u00edt\u00e9s\u00e9t, elveszt\u00e9s\u00e9t, megv\u00e1ltoztat\u00e1s\u00e1t, jogosulatlan k\u00f6zl\u00e9s\u00e9t vagy az azokhoz val\u00f3 jogosulatlan hozz\u00e1f\u00e9r\u00e9st eredm\u00e9nyezi.<\/li><\/ul><div>\u00a0<\/div>\t\t\t\t\t\t\t\t<\/div>\n\t\t\t\t<\/div>\n\t\t\t\t\t<\/div>\n\t\t\t\t<\/div>\n\t\t<div class=\"elementor-element elementor-element-76a5f22 e-flex e-con-boxed e-con e-parent\" data-id=\"76a5f22\" data-element_type=\"container\">\n\t\t\t\t\t<div class=\"e-con-inner\">\n\t\t\t\t<div class=\"elementor-element elementor-element-d0bdea1 elementor-widget elementor-widget-heading\" data-id=\"d0bdea1\" data-element_type=\"widget\" data-widget_type=\"heading.default\">\n\t\t\t\t<div class=\"elementor-widget-container\">\n\t\t\t\t\t<h4 class=\"elementor-heading-title elementor-size-default\">Adatgy\u0171jt\u00e9s, adatkezel\u00e9s<\/h4>\t\t\t\t<\/div>\n\t\t\t\t<\/div>\n\t\t\t\t<div class=\"elementor-element elementor-element-4d0773d elementor-widget elementor-widget-text-editor\" data-id=\"4d0773d\" data-element_type=\"widget\" data-widget_type=\"text-editor.default\">\n\t\t\t\t<div class=\"elementor-widget-container\">\n\t\t\t\t\t\t\t\t\t<p>Az adatkezel\u0151 neve: Dancsecs Boj\u00e1na e.v.<\/p><p>Az adatkezel\u0151 e-mail c\u00edme: info@magic-studio.hu<\/p><div>A szem\u00e9lyes adatok kateg\u00f3ri\u00e1in bel\u00fcl, a kommunik\u00e1ci\u00f3s adatokat \u00e9s a szolg\u00e1ltat\u00e1st ig\u00e9nybe vev\u0151 adatait kezelem.<\/div><div>A kommunik\u00e1ci\u00f3s adatok k\u00f6z\u00e9 tartoznak az \u00fczenetek, amiket a weboldalamon kereszt\u00fcl, e-mailben, k\u00f6z\u00f6ss\u00e9gi m\u00e9dia chatben, vagy b\u00e1rmilyen form\u00e1ban eljuttat hozz\u00e1m az \u00e9rintett. Ezen adatok kezel\u00e9s\u00e9nek jogalapja az \u00e9rintett \u00e9rdekl\u0151d\u00e9se szolg\u00e1ltat\u00e1saim fel\u00e9, ami a nekem c\u00edmzett \u00fczenetekben nyilv\u00e1nul meg.\u00a0<\/div><div>A szolg\u00e1ltat\u00e1st ig\u00e9nybe vev\u0151 adatai k\u00f6z\u00fcl kiz\u00e1r\u00f3lag a szolg\u00e1ltat\u00e1s ig\u00e9nybe v\u00e9tel\u00e9vel kapcsolatosan kezelem az adatokat. Szolg\u00e1ltat\u00e1saim ig\u00e9nybe v\u00e9tel\u00e9nek felt\u00e9tele, hogy az \u00e9rintett elfogadja az <a href=\"https:\/\/bojana.magic-studio.hu\/de\/altalanos-szerzodesi-feltetelek\/\">\u00c1SZF<\/a>-t. Az elfogad\u00e1s\u00e1r\u00f3l sz\u00f3l\u00f3 nyilatkozaton &#8211; az \u00e9rintett k\u00e9s\u0151bbi beazonos\u00edthat\u00f3s\u00e1ga \u00e9rdek\u00e9ben &#8211; az \u00e9rintett neve, lakc\u00edme \u00e9s al\u00e1\u00edr\u00e1sa szerepel. A szolg\u00e1ltat\u00e1st k\u00f6vet\u0151en ezen adatok pap\u00edr alapon, elz\u00e1rtan t\u00e1rol\u00e1sra ker\u00fclnek az adatkezel\u0151 telephely\u00e9n. A t\u00e1rol\u00e1s jogalapja a szolg\u00e1ltat\u00e1s teljes\u00edt\u00e9se az \u00e9rintett \u00e9s az adatkezel\u0151 k\u00f6z\u00f6tt.<\/div><div>\u00a0<\/div><div>Bizonyos adatok a cookie-k (s\u00fctik) seg\u00edts\u00e9g\u00e9vel automatikusan ker\u00fclnek gy\u0171jt\u00e9sre weboldalam haszn\u00e1lata sor\u00e1n. Ezek csak az \u00e9rintett hozz\u00e1j\u00e1rul\u00e1s\u00e1nak megad\u00e1sa ut\u00e1n l\u00e9pnek m\u0171k\u00f6d\u00e9sbe.<\/div>\t\t\t\t\t\t\t\t<\/div>\n\t\t\t\t<\/div>\n\t\t\t\t\t<\/div>\n\t\t\t\t<\/div>\n\t\t<div class=\"elementor-element elementor-element-bc7eee1 e-flex e-con-boxed e-con e-parent\" data-id=\"bc7eee1\" data-element_type=\"container\">\n\t\t\t\t\t<div class=\"e-con-inner\">\n\t\t\t\t<div class=\"elementor-element elementor-element-65dc8cd elementor-widget elementor-widget-heading\" data-id=\"65dc8cd\" data-element_type=\"widget\" data-widget_type=\"heading.default\">\n\t\t\t\t<div class=\"elementor-widget-container\">\n\t\t\t\t\t<h4 class=\"elementor-heading-title elementor-size-default\">Cookie t\u00e1j\u00e9koztat\u00f3<\/h4>\t\t\t\t<\/div>\n\t\t\t\t<\/div>\n\t\t\t\t<div class=\"elementor-element elementor-element-7a23d54 elementor-widget elementor-widget-text-editor\" data-id=\"7a23d54\" data-element_type=\"widget\" data-widget_type=\"text-editor.default\">\n\t\t\t\t<div class=\"elementor-widget-container\">\n\t\t\t\t\t\t\t\t\t<p>A cookie-k (s\u00fctik) r\u00f6vid sz\u00f6veges f\u00e1jlok, melyek az \u00e9rintett eszk\u00f6z\u00e9n (telefon, t\u00e1blag\u00e9p, sz\u00e1m\u00edt\u00f3g\u00e9p stb.) t\u00e1rol\u00f3dnak. Egy\u00e9ni inform\u00e1ci\u00f3k alapj\u00e1n lehet\u0151v\u00e9 teszik a weboldalak megfelel\u0151 megjelen\u00edt\u00e9s\u00e9t, valamint testreszab\u00e1s\u00e1t. N\u00e9h\u00e1ny cookie \u00e1tmeneti, \u00e9s elt\u0171nik a b\u00f6ng\u00e9sz\u0151 bez\u00e1r\u00e1s\u00e1val, m\u00edg l\u00e9teznek tart\u00f3s v\u00e1ltozatok is, melyek huzamosabb ideig a sz\u00e1m\u00edt\u00f3g\u00e9pen maradnak. A jogszab\u00e1lyok szerint a cookie-k abban az esetben t\u00e1rolhat\u00f3k az \u00e9rintett eszk\u00f6z\u00e9n, ha erre felt\u00e9tlen\u00fcl sz\u00fcks\u00e9g van a weboldal m\u0171k\u00f6d\u00e9s\u00e9hez. Minden egy\u00e9b t\u00edpus\u00fa cookie haszn\u00e1lat\u00e1hoz az \u00e9rintett enged\u00e9ly\u00e9re van sz\u00fcks\u00e9g. <strong>Weboldalam csak elengedhetetlen\u00fcl sz\u00fcks\u00e9ges cookie-kat haszn\u00e1l.<\/strong><\/p><p>A cookie-k t\u00edpusai:<\/p><ul><li>Elengedhetetlen\u00fcl sz\u00fcks\u00e9ges cookie-k: A felt\u00e9tlen\u00fcl sz\u00fcks\u00e9ges cookie-k a weboldal m\u0171k\u00f6d\u00e9s\u00e9hez, annak k\u00fcl\u00f6nb\u00f6z\u0151 funkci\u00f3ihoz sz\u00fcks\u00e9gesek. Ha ezeket letiltjuk, a weblap nem m\u0171k\u00f6dik megfelel\u0151en, p\u00e9ld\u00e1ul el\u00e9rhetetlenn\u00e9 v\u00e1lnak a holnap megszokott szolg\u00e1ltat\u00e1sai. Ezek a cookie-k nem tartj\u00e1k meg a b\u00f6ng\u00e9sz\u00e9s k\u00f6zben begy\u0171jt\u00f6tt adatokat.<ul><li>Weboldalam haszn\u00e1lhat\u00f3s\u00e1g\u00e1t seg\u00edtik azzal, hogy enged\u00e9lyeznek olyan alapvet\u0151 funkci\u00f3kat, mint az oldalon val\u00f3 navig\u00e1ci\u00f3 \u00e9s a weboldal biztons\u00e1gos ter\u00fcleteihez val\u00f3 hozz\u00e1f\u00e9r\u00e9s. A weboldalam ezen cookie-k n\u00e9lk\u00fcl nem tud megfelel\u0151en m\u0171k\u00f6dni.<\/li><\/ul><\/li><li>Preferenci\u00e1lis cookie-k: A preferenci\u00e1lis s\u00fctik haszn\u00e1lat\u00e1val olyan inform\u00e1ci\u00f3kat lehet megjegyezni, amelyek megv\u00e1ltoztatj\u00e1k a weboldal bizonyos magatart\u00e1s\u00e1t, illetve kin\u00e9zet\u00e9t, erre p\u00e9lda lehet a l\u00e1togat\u00f3 \u00e1ltal el\u0151nyben r\u00e9szes\u00edtett nyelv vagy a r\u00e9gi\u00f3, amelyben tart\u00f3zkodik.<\/li><li>Statisztikai c\u00e9l\u00fa cookie-k: Az adatok n\u00e9vtelen form\u00e1ban val\u00f3 gy\u0171jt\u00e9s\u00e9n \u00e9s jelent\u00e9s\u00e9n kereszt\u00fcl a statisztikai cookie-k seg\u00edtenek a weboldal tulajdonos\u00e1nak abban, hogy meg\u00e9rtse, hogyan l\u00e9pnek interakci\u00f3ba a l\u00e1togat\u00f3k a weboldallal.\u00a0<\/li><li>Marketing c\u00e9l\u00fa cookie-k: A szem\u00e9lyre szabott cookie-kat a l\u00e1togat\u00f3k weboldal-tev\u00e9kenys\u00e9g\u00e9nek nyomon k\u00f6vet\u00e9s\u00e9re haszn\u00e1lj\u00e1k. A c\u00e9l az, hogy min\u00e9l relev\u00e1nsabb hirdet\u00e9seket tegyenek k\u00f6zz\u00e9 az egy\u00e9ni felhaszn\u00e1l\u00f3k sz\u00e1m\u00e1ra, preferenci\u00e1juknak megfelel\u0151 tartalmakat jelen\u00edtsenek meg, valamint aktivit\u00e1sra \u00f6szt\u00f6n\u00f6zz\u00e9k \u0151ket.<\/li><\/ul><p><strong>Hol t\u00f6rt\u00e9nik meg a t\u00e1j\u00e9koztat\u00e1s \u00e9s a hozz\u00e1j\u00e1rul\u00e1s a cookie kezel\u00e9ssel kapcsolatban?\u00a0<\/strong><\/p><p>A weboldal els\u0151 alkalommal t\u00f6rt\u00e9n\u0151 megnyit\u00e1sakor egy felugr\u00f3 ablak jelenik meg a k\u00e9perny\u0151 alj\u00e1n, ahol elfogad\u00e1sra, illetve elutas\u00edt\u00e1sra van lehet\u0151s\u00e9g.\u00a0<\/p><p>A mai b\u00f6ng\u00e9sz\u0151k enged\u00e9lyezik a cookie be\u00e1ll\u00edt\u00e1sok m\u00f3dos\u00edt\u00e1s\u00e1t. A b\u00f6ng\u00e9sz\u0151k egy r\u00e9sze alap\u00e9rtelmezettk\u00e9nt automatikusan elfogadja a cookie-kat, de ez a be\u00e1ll\u00edt\u00e1s is megv\u00e1ltoztathat\u00f3 annak \u00e9rdek\u00e9ben, hogy a j\u00f6v\u0151re n\u00e9zve megakad\u00e1lyozza a l\u00e1togat\u00f3 automatikus elfogad\u00e1s\u00e1t. \u00c1t\u00e1ll\u00edt\u00e1s eset\u00e9n a b\u00f6ng\u00e9sz\u0151 a tov\u00e1bbiakban minden alkalommal felaj\u00e1nlja a cookie-k be\u00e1ll\u00edt\u00e1s\u00e1nak v\u00e1laszt\u00e1si lehet\u0151s\u00e9g\u00e9t.<\/p><p>Tov\u00e1bbi inform\u00e1ci\u00f3 a b\u00f6ng\u00e9sz\u0151k be\u00e1ll\u00edt\u00e1sair\u00f3l:<\/p><ul><li>Google Chrome: <a href=\"https:\/\/support.google.com\/accounts\/answer\/61416?hl=hu\" target=\"_blank\" rel=\"noopener\">https:\/\/support.google.com\/accounts\/answer\/61416?hl=hu<\/a><\/li><li>Mozilla Firefox: <a href=\"https:\/\/support.mozilla.org\/hu\/kb\/sutik-informacio-amelyet-weboldalak-tarolnak-szami?redirectlocale=hu&amp;redirectslug=S%C3%BCtik+kezel%C3%A9se\" target=\"_blank\" rel=\"noopener\">https:\/\/support.mozilla.org\/hu\/kb\/sutik-informacio-amelyet-weboldalak-tarolnak-szami?redirectlocale=hu&amp;redirectslug=S%C3%BCtik+kezel%C3%A9se<\/a><\/li><li>Microsoft Edge: <a href=\"https:\/\/support.microsoft.com\/hu-hu\/windows\/a-microsoft-edge-a-b%C3%B6ng%C3%A9sz%C3%A9si-adatok-%C3%A9s-az-adatv%C3%A9delem-bb8174ba-9d73-dcf2-9b4a-c582b4e640dd\" target=\"_blank\" rel=\"noopener\">https:\/\/support.microsoft.com\/hu-hu\/windows\/a-microsoft-edge-a-b%C3%B6ng%C3%A9sz%C3%A9si-adatok-%C3%A9s-az-adatv%C3%A9delem-bb8174ba-9d73-dcf2-9b4a-c582b4e640dd<\/a><\/li><\/ul><p><strong>Az adatkezel\u0151 a cookie-k enged\u00e9lyez\u00e9se eset\u00e9n sem jegyez meg semmilyen azonos\u00edt\u00f3t vagy jelsz\u00f3t. A l\u00e1togat\u00f3 a cookie-k elfogad\u00e1sa eset\u00e9n is teljes biztons\u00e1gban haszn\u00e1lhatja a szolg\u00e1ltat\u00e1sokat.<\/strong><\/p><p>Felh\u00edvom l\u00e1togat\u00f3im figyelm\u00e9t, hogy mivel a cookie-k c\u00e9lja a weboldal haszn\u00e1lhat\u00f3s\u00e1g\u00e1nak \u00e9s folyamatainak t\u00e1mogat\u00e1sa, valamint megk\u00f6nny\u00edt\u00e9se, a cookie-k letilt\u00e1sa eset\u00e9n nem tudom garant\u00e1lni, hogy a l\u00e1togat\u00f3 k\u00e9pes lesz a weboldal valamennyi funkci\u00f3j\u00e1nak teljes k\u00f6r\u0171 haszn\u00e1lat\u00e1ra. A weboldal ez esetben a tervezett\u0151l elt\u00e9r\u0151en m\u0171k\u00f6dhet a b\u00f6ng\u00e9sz\u0151ben.<\/p>\t\t\t\t\t\t\t\t<\/div>\n\t\t\t\t<\/div>\n\t\t\t\t\t<\/div>\n\t\t\t\t<\/div>\n\t\t<div class=\"elementor-element elementor-element-807b837 e-flex e-con-boxed e-con e-parent\" data-id=\"807b837\" data-element_type=\"container\">\n\t\t\t\t\t<div class=\"e-con-inner\">\n\t\t\t\t<div class=\"elementor-element elementor-element-4723344 elementor-widget elementor-widget-heading\" data-id=\"4723344\" data-element_type=\"widget\" data-widget_type=\"heading.default\">\n\t\t\t\t<div class=\"elementor-widget-container\">\n\t\t\t\t\t<h4 class=\"elementor-heading-title elementor-size-default\">Adattov\u00e1bb\u00edt\u00e1s<\/h4>\t\t\t\t<\/div>\n\t\t\t\t<\/div>\n\t\t\t\t<div class=\"elementor-element elementor-element-f00c7a6 elementor-widget elementor-widget-text-editor\" data-id=\"f00c7a6\" data-element_type=\"widget\" data-widget_type=\"text-editor.default\">\n\t\t\t\t<div class=\"elementor-widget-container\">\n\t\t\t\t\t\t\t\t\t<p>Az adatkezel\u0151 a szem\u00e9lyes adatokat nem tov\u00e1bb\u00edtja harmadik f\u00e9l sz\u00e1m\u00e1ra.<\/p>\t\t\t\t\t\t\t\t<\/div>\n\t\t\t\t<\/div>\n\t\t\t\t\t<\/div>\n\t\t\t\t<\/div>\n\t\t<div class=\"elementor-element elementor-element-990c1dd e-flex e-con-boxed e-con e-parent\" data-id=\"990c1dd\" data-element_type=\"container\">\n\t\t\t\t\t<div class=\"e-con-inner\">\n\t\t\t\t<div class=\"elementor-element elementor-element-d4fdf34 elementor-widget elementor-widget-spacer\" data-id=\"d4fdf34\" data-element_type=\"widget\" data-widget_type=\"spacer.default\">\n\t\t\t\t<div class=\"elementor-widget-container\">\n\t\t\t\t\t\t\t<div class=\"elementor-spacer\">\n\t\t\t<div class=\"elementor-spacer-inner\"><\/div>\n\t\t<\/div>\n\t\t\t\t\t\t<\/div>\n\t\t\t\t<\/div>\n\t\t\t\t\t<\/div>\n\t\t\t\t<\/div>\n\t\t\t\t<\/div>","protected":false},"excerpt":{"rendered":"<p>Adatv\u00e9delmi t\u00e1j\u00e9koztat\u00f3 Tartalomjegyz\u00e9k Bevezet\u0151 Az adatv\u00e9delmi szab\u00e1lyoz\u00e1s alappill\u00e9re az Eur\u00f3pai Uni\u00f3 \u00e1ltal\u00e1nos adatv\u00e9delmi rendelete (a tov\u00e1bbiakban: GDPR rendelet). Ennek ment\u00e9n haladva, a tov\u00e1bbiakban r\u00e9szletezem a bojana.magic-studio.hu weboldalam \u00e9s v\u00e1llalkoz\u00e1som adatgy\u0171jt\u00e9ssel kapcsolatos folyamatait, \u00e9s az adatv\u00e9delemre ir\u00e1nyul\u00f3 l\u00e9p\u00e9seket. \u00a0 Alapfogalmak szem\u00e9lyes adat: azonos\u00edtott vagy azonos\u00edthat\u00f3 term\u00e9szetes szem\u00e9lyre (\u00e9rintettre) vonatkoz\u00f3 b\u00e1rmely inform\u00e1ci\u00f3, \u00e9rintett: a weboldalammal kapcsolatba ker\u00fcl\u0151, &hellip; <\/p>\n<p class=\"link-more\"><a href=\"https:\/\/bojana.magic-studio.hu\/de\/adatvedelmi-tajekoztato\/\" class=\"more-link\"><span class=\"screen-reader-text\">\u201eAdatv\u00e9delmi t\u00e1j\u00e9koztat\u00f3\u201c<\/span> weiterlesen<\/a><\/p>","protected":false},"author":1,"featured_media":0,"parent":0,"menu_order":0,"comment_status":"closed","ping_status":"closed","template":"elementor_header_footer","meta":{"footnotes":""},"class_list":["post-3653","page","type-page","status-publish","hentry","entry"],"rttpg_featured_image_url":null,"rttpg_author":{"display_name":"Boj\u00e1na","author_link":"https:\/\/bojana.magic-studio.hu\/de\/author\/bojana_admn\/"},"rttpg_comment":0,"rttpg_category":null,"rttpg_excerpt":"Adatv\u00e9delmi t\u00e1j\u00e9koztat\u00f3 Tartalomjegyz\u00e9k Bevezet\u0151 Az adatv\u00e9delmi szab\u00e1lyoz\u00e1s alappill\u00e9re az Eur\u00f3pai Uni\u00f3 \u00e1ltal\u00e1nos adatv\u00e9delmi rendelete (a tov\u00e1bbiakban: GDPR rendelet). Ennek ment\u00e9n haladva, a tov\u00e1bbiakban r\u00e9szletezem a bojana.magic-studio.hu weboldalam \u00e9s v\u00e1llalkoz\u00e1som adatgy\u0171jt\u00e9ssel kapcsolatos folyamatait, \u00e9s az adatv\u00e9delemre ir\u00e1nyul\u00f3 l\u00e9p\u00e9seket. \u00a0 Alapfogalmak szem\u00e9lyes adat: azonos\u00edtott vagy azonos\u00edthat\u00f3 term\u00e9szetes szem\u00e9lyre (\u00e9rintettre) vonatkoz\u00f3 b\u00e1rmely inform\u00e1ci\u00f3, \u00e9rintett: a weboldalammal kapcsolatba ker\u00fcl\u0151,&hellip;","_links":{"self":[{"href":"https:\/\/bojana.magic-studio.hu\/de\/wp-json\/wp\/v2\/pages\/3653","targetHints":{"allow":["GET"]}}],"collection":[{"href":"https:\/\/bojana.magic-studio.hu\/de\/wp-json\/wp\/v2\/pages"}],"about":[{"href":"https:\/\/bojana.magic-studio.hu\/de\/wp-json\/wp\/v2\/types\/page"}],"author":[{"embeddable":true,"href":"https:\/\/bojana.magic-studio.hu\/de\/wp-json\/wp\/v2\/users\/1"}],"replies":[{"embeddable":true,"href":"https:\/\/bojana.magic-studio.hu\/de\/wp-json\/wp\/v2\/comments?post=3653"}],"version-history":[{"count":115,"href":"https:\/\/bojana.magic-studio.hu\/de\/wp-json\/wp\/v2\/pages\/3653\/revisions"}],"predecessor-version":[{"id":6490,"href":"https:\/\/bojana.magic-studio.hu\/de\/wp-json\/wp\/v2\/pages\/3653\/revisions\/6490"}],"wp:attachment":[{"href":"https:\/\/bojana.magic-studio.hu\/de\/wp-json\/wp\/v2\/media?parent=3653"}],"curies":[{"name":"wp","href":"https:\/\/api.w.org\/{rel}","templated":true}]}}