{"id":3660,"date":"2024-03-26T17:50:05","date_gmt":"2024-03-26T16:50:05","guid":{"rendered":"https:\/\/bojana.magic-studio.hu\/?page_id=3660"},"modified":"2024-05-13T16:47:11","modified_gmt":"2024-05-13T14:47:11","slug":"altalanos-szerzodesi-feltetelek","status":"publish","type":"page","link":"https:\/\/bojana.magic-studio.hu\/de\/altalanos-szerzodesi-feltetelek\/","title":{"rendered":"AGB"},"content":{"rendered":"<div data-elementor-type=\"wp-page\" data-elementor-id=\"3660\" class=\"elementor elementor-3660\">\n\t\t\t\t<div class=\"elementor-element elementor-element-b01b240 e-flex e-con-boxed e-con e-parent\" data-id=\"b01b240\" data-element_type=\"container\">\n\t\t\t\t\t<div class=\"e-con-inner\">\n\t\t\t\t<div class=\"elementor-element elementor-element-5aa26b5 elementor-widget elementor-widget-spacer\" data-id=\"5aa26b5\" data-element_type=\"widget\" data-widget_type=\"spacer.default\">\n\t\t\t\t<div class=\"elementor-widget-container\">\n\t\t\t\t\t\t\t<div class=\"elementor-spacer\">\n\t\t\t<div class=\"elementor-spacer-inner\"><\/div>\n\t\t<\/div>\n\t\t\t\t\t\t<\/div>\n\t\t\t\t<\/div>\n\t\t\t\t\t<\/div>\n\t\t\t\t<\/div>\n\t\t<div class=\"elementor-element elementor-element-abcc2a9 e-flex e-con-boxed e-con e-parent\" data-id=\"abcc2a9\" data-element_type=\"container\">\n\t\t\t\t\t<div class=\"e-con-inner\">\n\t\t\t\t<div class=\"elementor-element elementor-element-d20bf04 elementor-widget elementor-widget-heading\" data-id=\"d20bf04\" data-element_type=\"widget\" data-widget_type=\"heading.default\">\n\t\t\t\t<div class=\"elementor-widget-container\">\n\t\t\t\t\t<h3 class=\"elementor-heading-title elementor-size-default\">AGB<\/h3>\t\t\t\t<\/div>\n\t\t\t\t<\/div>\n\t\t\t\t<div class=\"elementor-element elementor-element-99b155d elementor-widget elementor-widget-spacer\" data-id=\"99b155d\" data-element_type=\"widget\" data-widget_type=\"spacer.default\">\n\t\t\t\t<div class=\"elementor-widget-container\">\n\t\t\t\t\t\t\t<div class=\"elementor-spacer\">\n\t\t\t<div class=\"elementor-spacer-inner\"><\/div>\n\t\t<\/div>\n\t\t\t\t\t\t<\/div>\n\t\t\t\t<\/div>\n\t\t<div class=\"elementor-element elementor-element-853c67c e-flex e-con-boxed e-con e-child\" data-id=\"853c67c\" data-element_type=\"container\">\n\t\t\t\t\t<div class=\"e-con-inner\">\n\t\t\t\t<div class=\"elementor-element elementor-element-3626140 elementor-widget elementor-widget-table-of-contents\" data-id=\"3626140\" data-element_type=\"widget\" data-widget_type=\"table-of-contents.default\">\n\t\t\t\t<div class=\"elementor-widget-container\">\n\t\t\t\t\t \t\t\t\t<\/div>\n\t\t\t\t<\/div>\n\t\t\t\t<div class=\"elementor-element elementor-element-45d7d5e elementor-widget elementor-widget-spacer\" data-id=\"45d7d5e\" data-element_type=\"widget\" data-widget_type=\"spacer.default\">\n\t\t\t\t<div class=\"elementor-widget-container\">\n\t\t\t\t\t\t\t<div class=\"elementor-spacer\">\n\t\t\t<div class=\"elementor-spacer-inner\"><\/div>\n\t\t<\/div>\n\t\t\t\t\t\t<\/div>\n\t\t\t\t<\/div>\n\t\t\t\t\t<\/div>\n\t\t\t\t<\/div>\n\t\t<div class=\"elementor-element elementor-element-dfcc905 e-flex e-con-boxed e-con e-child\" data-id=\"dfcc905\" data-element_type=\"container\">\n\t\t\t\t\t<div class=\"e-con-inner\">\n\t\t\t\t<div class=\"elementor-element elementor-element-c7da09c elementor-widget elementor-widget-heading\" data-id=\"c7da09c\" data-element_type=\"widget\" data-widget_type=\"heading.default\">\n\t\t\t\t<div class=\"elementor-widget-container\">\n\t\t\t\t\t<h4 class=\"elementor-heading-title elementor-size-default\">Bevezet\u0151<\/h4>\t\t\t\t<\/div>\n\t\t\t\t<\/div>\n\t\t\t\t<div class=\"elementor-element elementor-element-fd8ca7c elementor-widget elementor-widget-text-editor\" data-id=\"fd8ca7c\" data-element_type=\"widget\" data-widget_type=\"text-editor.default\">\n\t\t\t\t<div class=\"elementor-widget-container\">\n\t\t\t\t\t\t\t\t\t<p>Lorem ipsum dolor sit amet, consectetur adipiscing elit, sed do eiusmod tempor incididunt ut labore et dolore magna aliqua. Egestas maecenas pharetra convallis posuere morbi leo urna. Interdum velit euismod in pellentesque massa placerat duis ultricies lacus. Velit ut tortor pretium viverra suspendisse. Nibh cras pulvinar mattis nunc sed blandit libero volutpat sed. Enim praesent elementum facilisis leo vel fringilla est ullamcorper eget. Eu feugiat pretium nibh ipsum consequat nisl vel pretium lectus. Phasellus egestas tellus rutrum tellus pellentesque eu tincidunt. Porttitor massa id neque aliquam vestibulum morbi. Gravida neque convallis a cras semper auctor. Sed augue lacus viverra vitae congue eu. Nisi est sit amet facilisis magna etiam tempor. Morbi tincidunt ornare massa eget. Facilisis mauris sit amet massa vitae tortor condimentum lacinia quis. Cras sed felis eget velit. Eros in cursus turpis massa tincidunt dui ut ornare lectus.<\/p><div>\u00a0<\/div>\t\t\t\t\t\t\t\t<\/div>\n\t\t\t\t<\/div>\n\t\t\t\t\t<\/div>\n\t\t\t\t<\/div>\n\t\t\t\t\t<\/div>\n\t\t\t\t<\/div>\n\t\t\t\t<\/div>","protected":false},"excerpt":{"rendered":"<p>\u00c1ltal\u00e1nos szerz\u0151d\u00e9si felt\u00e9telek Tartalomjegyz\u00e9k Bevezet\u0151 Lorem ipsum dolor sit amet, consectetur adipiscing elit, sed do eiusmod tempor incididunt ut labore et dolore magna aliqua. Egestas maecenas pharetra convallis posuere morbi leo urna. Interdum velit euismod in pellentesque massa placerat duis ultricies lacus. Velit ut tortor pretium viverra suspendisse. Nibh cras pulvinar mattis nunc sed blandit &hellip; <\/p>\n<p class=\"link-more\"><a href=\"https:\/\/bojana.magic-studio.hu\/de\/altalanos-szerzodesi-feltetelek\/\" class=\"more-link\"><span class=\"screen-reader-text\">\u201e\u00c1ltal\u00e1nos szerz\u0151d\u00e9si felt\u00e9telek\u201c<\/span> weiterlesen<\/a><\/p>","protected":false},"author":1,"featured_media":0,"parent":0,"menu_order":0,"comment_status":"closed","ping_status":"closed","template":"elementor_header_footer","meta":{"footnotes":""},"class_list":["post-3660","page","type-page","status-publish","hentry","entry"],"rttpg_featured_image_url":null,"rttpg_author":{"display_name":"Boj\u00e1na","author_link":"https:\/\/bojana.magic-studio.hu\/de\/author\/bojana_admn\/"},"rttpg_comment":0,"rttpg_category":null,"rttpg_excerpt":"\u00c1ltal\u00e1nos szerz\u0151d\u00e9si felt\u00e9telek Tartalomjegyz\u00e9k Bevezet\u0151 Lorem ipsum dolor sit amet, consectetur adipiscing elit, sed do eiusmod tempor incididunt ut labore et dolore magna aliqua. Egestas maecenas pharetra convallis posuere morbi leo urna. Interdum velit euismod in pellentesque massa placerat duis ultricies lacus. Velit ut tortor pretium viverra suspendisse. Nibh cras pulvinar mattis nunc sed blandit&hellip;","_links":{"self":[{"href":"https:\/\/bojana.magic-studio.hu\/de\/wp-json\/wp\/v2\/pages\/3660","targetHints":{"allow":["GET"]}}],"collection":[{"href":"https:\/\/bojana.magic-studio.hu\/de\/wp-json\/wp\/v2\/pages"}],"about":[{"href":"https:\/\/bojana.magic-studio.hu\/de\/wp-json\/wp\/v2\/types\/page"}],"author":[{"embeddable":true,"href":"https:\/\/bojana.magic-studio.hu\/de\/wp-json\/wp\/v2\/users\/1"}],"replies":[{"embeddable":true,"href":"https:\/\/bojana.magic-studio.hu\/de\/wp-json\/wp\/v2\/comments?post=3660"}],"version-history":[{"count":16,"href":"https:\/\/bojana.magic-studio.hu\/de\/wp-json\/wp\/v2\/pages\/3660\/revisions"}],"predecessor-version":[{"id":6493,"href":"https:\/\/bojana.magic-studio.hu\/de\/wp-json\/wp\/v2\/pages\/3660\/revisions\/6493"}],"wp:attachment":[{"href":"https:\/\/bojana.magic-studio.hu\/de\/wp-json\/wp\/v2\/media?parent=3660"}],"curies":[{"name":"wp","href":"https:\/\/api.w.org\/{rel}","templated":true}]}}