{"id":513,"date":"2024-03-04T17:33:05","date_gmt":"2024-03-04T16:33:05","guid":{"rendered":"https:\/\/bojana.magic-studio.hu\/?page_id=513"},"modified":"2024-05-13T16:45:12","modified_gmt":"2024-05-13T14:45:12","slug":"impresszum","status":"publish","type":"page","link":"https:\/\/bojana.magic-studio.hu\/de\/impresszum\/","title":{"rendered":"Impressum"},"content":{"rendered":"<div data-elementor-type=\"wp-page\" data-elementor-id=\"513\" class=\"elementor elementor-513\">\n\t\t\t\t<div class=\"elementor-element elementor-element-30c474ec e-con-full e-flex e-con e-parent\" data-id=\"30c474ec\" data-element_type=\"container\" id=\"menuhopin\" data-settings=\"{&quot;background_background&quot;:&quot;classic&quot;}\">\n\t\t<div class=\"elementor-element elementor-element-3dd4579b e-con-full e-flex e-con e-child\" data-id=\"3dd4579b\" data-element_type=\"container\">\n\t\t\t\t<div class=\"elementor-element elementor-element-32660a6f elementor-widget elementor-widget-theme-site-logo\" data-id=\"32660a6f\" data-element_type=\"widget\" data-widget_type=\"theme-site-logo.default\">\n\t\t\t\t<div class=\"elementor-widget-container\">\n\t\t\t\t\t \t\t\t\t<\/div>\n\t\t\t\t<\/div>\n\t\t\t\t<div class=\"elementor-element elementor-element-8eaa860 elementor-widget elementor-widget-html\" data-id=\"8eaa860\" data-element_type=\"widget\" data-widget_type=\"html.default\">\n\t\t\t\t<div class=\"elementor-widget-container\">\n\t\t\t\t\t<script>\r\ndocument.addEventListener('DOMContentLoaded', function() {\r\n    document.addEventListener('scroll', function() {\r\n        let y = window.scrollY;\r\n        let menuhopin = document.getElementById('menuhopin');\r\n        if (y > 150) { \/* change this value here to make it show up at your desired scroll location. *\/\r\n            menuhopin.classList.add('headershow');\r\n        } else {\r\n            menuhopin.classList.remove('headershow');\r\n        }\r\n    });\r\n});\r\n<\/script>\r\n<style>\r\n.elementor-nav-menu__container{\r\ntop:0px!important;\r\n}\r\n#menuhopin.headershow{\r\ntransform: translateY(0);\r\n}\r\n#menuhopin{\r\nposition: fixed;\r\ntop:0;\r\nwidth: 100%;\r\n-webkit-transition: transform 0.34s ease;\r\ntransition : transform 0.34s ease;\r\ntransform: translateY(-200px); \/*adjust this value to the height of your header*\/\r\n}\r\n<\/style>\r\n\t\t\t\t<\/div>\n\t\t\t\t<\/div>\n\t\t\t\t<\/div>\n\t\t<div class=\"elementor-element elementor-element-7366070e e-con-full e-flex e-con e-child\" data-id=\"7366070e\" data-element_type=\"container\">\n\t\t\t\t<div class=\"elementor-element elementor-element-75c921a0 elementor-widget elementor-widget-nav-menu\" data-id=\"75c921a0\" data-element_type=\"widget\" data-widget_type=\"nav-menu.default\">\n\t\t\t\t<div class=\"elementor-widget-container\">\n\t\t\t\t\t \t\t\t\t<\/div>\n\t\t\t\t<\/div>\n\t\t\t\t<\/div>\n\t\t<div class=\"elementor-element elementor-element-21546480 e-con-full e-flex e-con e-child\" data-id=\"21546480\" data-element_type=\"container\">\n\t\t\t\t<div class=\"elementor-element elementor-element-2a7655a2 elementor-shape-circle elementor-grid-0 e-grid-align-center elementor-widget elementor-widget-social-icons\" data-id=\"2a7655a2\" data-element_type=\"widget\" data-widget_type=\"social-icons.default\">\n\t\t\t\t<div class=\"elementor-widget-container\">\n\t\t\t\t\t\t\t<div class=\"elementor-social-icons-wrapper elementor-grid\" role=\"list\">\n\t\t\t\t\t\t\t<span class=\"elementor-grid-item\" role=\"listitem\">\n\t\t\t\t\t<a class=\"elementor-icon elementor-social-icon elementor-social-icon-facebook elementor-repeater-item-bc52de1\" href=\"https:\/\/www.facebook.com\/magicstudioszentgotthard\" target=\"_blank\">\n\t\t\t\t\t\t<span class=\"elementor-screen-only\">Facebook<\/span>\n\t\t\t\t\t\t<svg aria-hidden=\"true\" class=\"e-font-icon-svg e-fab-facebook\" viewbox=\"0 0 512 512\" xmlns=\"http:\/\/www.w3.org\/2000\/svg\"><path d=\"M504 256C504 119 393 8 256 8S8 119 8 256c0 123.78 90.69 226.38 209.25 245V327.69h-63V256h63v-54.64c0-62.15 37-96.48 93.67-96.48 27.14 0 55.52 4.84 55.52 4.84v61h-31.28c-30.8 0-40.41 19.12-40.41 38.73V256h68.78l-11 71.69h-57.78V501C413.31 482.38 504 379.78 504 256z\"><\/path><\/svg>\t\t\t\t\t<\/a>\n\t\t\t\t<\/span>\n\t\t\t\t\t\t\t<span class=\"elementor-grid-item\" role=\"listitem\">\n\t\t\t\t\t<a class=\"elementor-icon elementor-social-icon elementor-social-icon-facebook-messenger elementor-repeater-item-4e5f24d\" target=\"_blank\">\n\t\t\t\t\t\t<span class=\"elementor-screen-only\">Facebook-messenger<\/span>\n\t\t\t\t\t\t<svg aria-hidden=\"true\" class=\"e-font-icon-svg e-fab-facebook-messenger\" viewbox=\"0 0 512 512\" xmlns=\"http:\/\/www.w3.org\/2000\/svg\"><path d=\"M256.55 8C116.52 8 8 110.34 8 248.57c0 72.3 29.71 134.78 78.07 177.94 8.35 7.51 6.63 11.86 8.05 58.23A19.92 19.92 0 0 0 122 502.31c52.91-23.3 53.59-25.14 62.56-22.7C337.85 521.8 504 423.7 504 248.57 504 110.34 396.59 8 256.55 8zm149.24 185.13l-73 115.57a37.37 37.37 0 0 1-53.91 9.93l-58.08-43.47a15 15 0 0 0-18 0l-78.37 59.44c-10.46 7.93-24.16-4.6-17.11-15.67l73-115.57a37.36 37.36 0 0 1 53.91-9.93l58.06 43.46a15 15 0 0 0 18 0l78.41-59.38c10.44-7.98 24.14 4.54 17.09 15.62z\"><\/path><\/svg>\t\t\t\t\t<\/a>\n\t\t\t\t<\/span>\n\t\t\t\t\t\t\t<span class=\"elementor-grid-item\" role=\"listitem\">\n\t\t\t\t\t<a class=\"elementor-icon elementor-social-icon elementor-social-icon-instagram elementor-repeater-item-49eeaac\" href=\"https:\/\/www.instagram.com\/pmua_bojana_dancsecs\/\" target=\"_blank\">\n\t\t\t\t\t\t<span class=\"elementor-screen-only\">Instagram<\/span>\n\t\t\t\t\t\t<svg aria-hidden=\"true\" class=\"e-font-icon-svg e-fab-instagram\" viewbox=\"0 0 448 512\" xmlns=\"http:\/\/www.w3.org\/2000\/svg\"><path d=\"M224.1 141c-63.6 0-114.9 51.3-114.9 114.9s51.3 114.9 114.9 114.9S339 319.5 339 255.9 287.7 141 224.1 141zm0 189.6c-41.1 0-74.7-33.5-74.7-74.7s33.5-74.7 74.7-74.7 74.7 33.5 74.7 74.7-33.6 74.7-74.7 74.7zm146.4-194.3c0 14.9-12 26.8-26.8 26.8-14.9 0-26.8-12-26.8-26.8s12-26.8 26.8-26.8 26.8 12 26.8 26.8zm76.1 27.2c-1.7-35.9-9.9-67.7-36.2-93.9-26.2-26.2-58-34.4-93.9-36.2-37-2.1-147.9-2.1-184.9 0-35.8 1.7-67.6 9.9-93.9 36.1s-34.4 58-36.2 93.9c-2.1 37-2.1 147.9 0 184.9 1.7 35.9 9.9 67.7 36.2 93.9s58 34.4 93.9 36.2c37 2.1 147.9 2.1 184.9 0 35.9-1.7 67.7-9.9 93.9-36.2 26.2-26.2 34.4-58 36.2-93.9 2.1-37 2.1-147.8 0-184.8zM398.8 388c-7.8 19.6-22.9 34.7-42.6 42.6-29.5 11.7-99.5 9-132.1 9s-102.7 2.6-132.1-9c-19.6-7.8-34.7-22.9-42.6-42.6-11.7-29.5-9-99.5-9-132.1s-2.6-102.7 9-132.1c7.8-19.6 22.9-34.7 42.6-42.6 29.5-11.7 99.5-9 132.1-9s102.7-2.6 132.1 9c19.6 7.8 34.7 22.9 42.6 42.6 11.7 29.5 9 99.5 9 132.1s2.7 102.7-9 132.1z\"><\/path><\/svg>\t\t\t\t\t<\/a>\n\t\t\t\t<\/span>\n\t\t\t\t\t<\/div>\n\t\t\t\t\t\t<\/div>\n\t\t\t\t<\/div>\n\t\t\t\t<\/div>\n\t\t\t\t<\/div>\n\t\t<div class=\"elementor-element elementor-element-722afea e-con-full e-flex e-con e-parent\" data-id=\"722afea\" data-element_type=\"container\">\n\t\t\t\t<div class=\"elementor-element elementor-element-8f604a9 elementor-widget elementor-widget-spacer\" data-id=\"8f604a9\" data-element_type=\"widget\" data-widget_type=\"spacer.default\">\n\t\t\t\t<div class=\"elementor-widget-container\">\n\t\t\t\t\t\t\t<div class=\"elementor-spacer\">\n\t\t\t<div class=\"elementor-spacer-inner\"><\/div>\n\t\t<\/div>\n\t\t\t\t\t\t<\/div>\n\t\t\t\t<\/div>\n\t\t\t\t<div class=\"elementor-element elementor-element-4c0847f elementor-widget elementor-widget-heading\" data-id=\"4c0847f\" data-element_type=\"widget\" data-widget_type=\"heading.default\">\n\t\t\t\t<div class=\"elementor-widget-container\">\n\t\t\t\t\t<h3 class=\"elementor-heading-title elementor-size-default\">Impressum<\/h3>\t\t\t\t<\/div>\n\t\t\t\t<\/div>\n\t\t\t\t<\/div>\n\t\t<div class=\"elementor-element elementor-element-5c9195a e-flex e-con-boxed e-con e-parent\" data-id=\"5c9195a\" data-element_type=\"container\">\n\t\t\t\t\t<div class=\"e-con-inner\">\n\t\t\t\t<div class=\"elementor-element elementor-element-f6edf45 elementor-widget elementor-widget-text-editor\" data-id=\"f6edf45\" data-element_type=\"widget\" data-widget_type=\"text-editor.default\">\n\t\t\t\t<div class=\"elementor-widget-container\">\n\t\t\t\t\t\t\t\t\t<p>A szolg\u00e1ltat\u00f3 neve: Dancsecs Boj\u00e1na e.v.<\/p><p>A szolg\u00e1ltat\u00f3 telephelye: 9970 Szentgotth\u00e1rd, Kossuth Lajos utca 21.\u00a0<\/p><p>A szolg\u00e1ltat\u00f3 el\u00e9rhet\u0151s\u00e9ge: info@magic-studio.hu<\/p><p>A szolg\u00e1ltat\u00f3t a nyilv\u00e1ntart\u00e1sba bejegyz\u0151 hat\u00f3s\u00e1g megnevez\u00e9se:<\/p><p>A szolg\u00e1ltat\u00f3 nyilv\u00e1ntart\u00e1sbav\u00e9teli sz\u00e1ma: 56618662<\/p><p>A szolg\u00e1ltat\u00f3 ad\u00f3sz\u00e1ma: 57948412-1-38<\/p><p>A szolg\u00e1ltat\u00f3 szakk\u00e9pzetts\u00e9ge: kozmetikus<\/p>\t\t\t\t\t\t\t\t<\/div>\n\t\t\t\t<\/div>\n\t\t\t\t\t<\/div>\n\t\t\t\t<\/div>\n\t\t<div class=\"elementor-element elementor-element-cc83210 e-flex e-con-boxed e-con e-parent\" data-id=\"cc83210\" data-element_type=\"container\">\n\t\t\t\t\t<div class=\"e-con-inner\">\n\t\t\t\t<div class=\"elementor-element elementor-element-3c58741 elementor-widget elementor-widget-text-editor\" data-id=\"3c58741\" data-element_type=\"widget\" data-widget_type=\"text-editor.default\">\n\t\t\t\t<div class=\"elementor-widget-container\">\n\t\t\t\t\t\t\t\t\t<p>A t\u00e1rhelyet biztos\u00edt\u00f3 szolg\u00e1ltat\u00f3 neve: Sybell Informatika Kft.<\/p><p><span style=\"text-align: var(--text-align); font-size: 1em;\">A t\u00e1rhelyszolg\u00e1ltat\u00f3 sz\u00e9khelye: 1158 Budapest, K\u00e9sm\u00e1rk utca 7\/B II\/206.<\/span><\/p><p>A t\u00e1rhelyszolg\u00e1ltat\u00f3 el\u00e9rhet\u0151s\u00e9ge: info@sybell.hu<\/p>\t\t\t\t\t\t\t\t<\/div>\n\t\t\t\t<\/div>\n\t\t\t\t\t<\/div>\n\t\t\t\t<\/div>\n\t\t<div class=\"elementor-element elementor-element-3998d9d e-flex e-con-boxed e-con e-parent\" data-id=\"3998d9d\" data-element_type=\"container\">\n\t\t\t\t\t<div class=\"e-con-inner\">\n\t\t\t\t<div class=\"elementor-element elementor-element-778d0a9 elementor-widget elementor-widget-text-editor\" data-id=\"778d0a9\" data-element_type=\"widget\" data-widget_type=\"text-editor.default\">\n\t\t\t\t<div class=\"elementor-widget-container\">\n\t\t\t\t\t\t\t\t\t<p>A weboldal k\u00e9sz\u00edt\u0151je: T\u00f3th Eszter<\/p><p>El\u00e9rhet\u0151s\u00e9ge: info@everester.hu<\/p>\t\t\t\t\t\t\t\t<\/div>\n\t\t\t\t<\/div>\n\t\t\t\t<div class=\"elementor-element elementor-element-915121b elementor-widget elementor-widget-spacer\" data-id=\"915121b\" data-element_type=\"widget\" data-widget_type=\"spacer.default\">\n\t\t\t\t<div class=\"elementor-widget-container\">\n\t\t\t\t\t\t\t<div class=\"elementor-spacer\">\n\t\t\t<div class=\"elementor-spacer-inner\"><\/div>\n\t\t<\/div>\n\t\t\t\t\t\t<\/div>\n\t\t\t\t<\/div>\n\t\t\t\t\t<\/div>\n\t\t\t\t<\/div>\n\t\t\t\t<\/div>","protected":false},"excerpt":{"rendered":"<p>Facebook Facebook-messenger Instagram Impresszum A szolg\u00e1ltat\u00f3 neve: Dancsecs Boj\u00e1na e.v. A szolg\u00e1ltat\u00f3 telephelye: 9970 Szentgotth\u00e1rd, Kossuth Lajos utca 21.\u00a0 A szolg\u00e1ltat\u00f3 el\u00e9rhet\u0151s\u00e9ge: info@magic-studio.hu A szolg\u00e1ltat\u00f3t a nyilv\u00e1ntart\u00e1sba bejegyz\u0151 hat\u00f3s\u00e1g megnevez\u00e9se: A szolg\u00e1ltat\u00f3 nyilv\u00e1ntart\u00e1sbav\u00e9teli sz\u00e1ma: 56618662 A szolg\u00e1ltat\u00f3 ad\u00f3sz\u00e1ma: 57948412-1-38 A szolg\u00e1ltat\u00f3 szakk\u00e9pzetts\u00e9ge: kozmetikus A t\u00e1rhelyet biztos\u00edt\u00f3 szolg\u00e1ltat\u00f3 neve: Sybell Informatika Kft. A t\u00e1rhelyszolg\u00e1ltat\u00f3 sz\u00e9khelye: 1158 &hellip; <\/p>\n<p class=\"link-more\"><a href=\"https:\/\/bojana.magic-studio.hu\/de\/impresszum\/\" class=\"more-link\"><span class=\"screen-reader-text\">\u201eImpresszum\u201c<\/span> weiterlesen<\/a><\/p>","protected":false},"author":1,"featured_media":0,"parent":0,"menu_order":0,"comment_status":"closed","ping_status":"closed","template":"elementor_header_footer","meta":{"footnotes":""},"class_list":["post-513","page","type-page","status-publish","hentry","entry"],"rttpg_featured_image_url":null,"rttpg_author":{"display_name":"Boj\u00e1na","author_link":"https:\/\/bojana.magic-studio.hu\/de\/author\/bojana_admn\/"},"rttpg_comment":0,"rttpg_category":null,"rttpg_excerpt":"Facebook Facebook-messenger Instagram Impresszum A szolg\u00e1ltat\u00f3 neve: Dancsecs Boj\u00e1na e.v. A szolg\u00e1ltat\u00f3 telephelye: 9970 Szentgotth\u00e1rd, Kossuth Lajos utca 21.\u00a0 A szolg\u00e1ltat\u00f3 el\u00e9rhet\u0151s\u00e9ge: info@magic-studio.hu A szolg\u00e1ltat\u00f3t a nyilv\u00e1ntart\u00e1sba bejegyz\u0151 hat\u00f3s\u00e1g megnevez\u00e9se: A szolg\u00e1ltat\u00f3 nyilv\u00e1ntart\u00e1sbav\u00e9teli sz\u00e1ma: 56618662 A szolg\u00e1ltat\u00f3 ad\u00f3sz\u00e1ma: 57948412-1-38 A szolg\u00e1ltat\u00f3 szakk\u00e9pzetts\u00e9ge: kozmetikus A t\u00e1rhelyet biztos\u00edt\u00f3 szolg\u00e1ltat\u00f3 neve: Sybell Informatika Kft. A t\u00e1rhelyszolg\u00e1ltat\u00f3 sz\u00e9khelye: 1158&hellip;","_links":{"self":[{"href":"https:\/\/bojana.magic-studio.hu\/de\/wp-json\/wp\/v2\/pages\/513","targetHints":{"allow":["GET"]}}],"collection":[{"href":"https:\/\/bojana.magic-studio.hu\/de\/wp-json\/wp\/v2\/pages"}],"about":[{"href":"https:\/\/bojana.magic-studio.hu\/de\/wp-json\/wp\/v2\/types\/page"}],"author":[{"embeddable":true,"href":"https:\/\/bojana.magic-studio.hu\/de\/wp-json\/wp\/v2\/users\/1"}],"replies":[{"embeddable":true,"href":"https:\/\/bojana.magic-studio.hu\/de\/wp-json\/wp\/v2\/comments?post=513"}],"version-history":[{"count":106,"href":"https:\/\/bojana.magic-studio.hu\/de\/wp-json\/wp\/v2\/pages\/513\/revisions"}],"predecessor-version":[{"id":6487,"href":"https:\/\/bojana.magic-studio.hu\/de\/wp-json\/wp\/v2\/pages\/513\/revisions\/6487"}],"wp:attachment":[{"href":"https:\/\/bojana.magic-studio.hu\/de\/wp-json\/wp\/v2\/media?parent=513"}],"curies":[{"name":"wp","href":"https:\/\/api.w.org\/{rel}","templated":true}]}}