{"id":55,"date":"2024-02-27T19:34:39","date_gmt":"2024-02-27T18:34:39","guid":{"rendered":"https:\/\/bojana.magic-studio.hu\/?page_id=55"},"modified":"2024-04-23T18:16:12","modified_gmt":"2024-04-23T16:16:12","slug":"galeria","status":"publish","type":"page","link":"https:\/\/bojana.magic-studio.hu\/de\/galeria\/","title":{"rendered":"Galerie"},"content":{"rendered":"<div data-elementor-type=\"wp-page\" data-elementor-id=\"55\" class=\"elementor elementor-55\">\n\t\t\t\t<div class=\"elementor-element elementor-element-3129cd37 e-con-full e-flex e-con e-parent\" data-id=\"3129cd37\" data-element_type=\"container\" id=\"menuhopin\" data-settings=\"{&quot;background_background&quot;:&quot;classic&quot;}\">\n\t\t<div class=\"elementor-element elementor-element-134ed2ca e-con-full e-flex e-con e-child\" data-id=\"134ed2ca\" data-element_type=\"container\">\n\t\t\t\t<div class=\"elementor-element elementor-element-2c7224a elementor-widget elementor-widget-theme-site-logo\" data-id=\"2c7224a\" data-element_type=\"widget\" data-widget_type=\"theme-site-logo.default\">\n\t\t\t\t<div class=\"elementor-widget-container\">\n\t\t\t\t\t \t\t\t\t<\/div>\n\t\t\t\t<\/div>\n\t\t\t\t<div class=\"elementor-element elementor-element-27d9b95a elementor-widget elementor-widget-html\" data-id=\"27d9b95a\" data-element_type=\"widget\" data-widget_type=\"html.default\">\n\t\t\t\t<div class=\"elementor-widget-container\">\n\t\t\t\t\t<script>\r\ndocument.addEventListener('DOMContentLoaded', function() {\r\n    document.addEventListener('scroll', function() {\r\n        let y = window.scrollY;\r\n        let menuhopin = document.getElementById('menuhopin');\r\n        if (y > 150) { \/* change this value here to make it show up at your desired scroll location. *\/\r\n            menuhopin.classList.add('headershow');\r\n        } else {\r\n            menuhopin.classList.remove('headershow');\r\n        }\r\n    });\r\n});\r\n<\/script>\r\n<style>\r\n.elementor-nav-menu__container{\r\ntop:0px!important;\r\n}\r\n#menuhopin.headershow{\r\ntransform: translateY(0);\r\n}\r\n#menuhopin{\r\nposition: fixed;\r\ntop:0;\r\nwidth: 100%;\r\n-webkit-transition: transform 0.34s ease;\r\ntransition : transform 0.34s ease;\r\ntransform: translateY(-200px); \/*adjust this value to the height of your header*\/\r\n}\r\n<\/style>\r\n\t\t\t\t<\/div>\n\t\t\t\t<\/div>\n\t\t\t\t<\/div>\n\t\t<div class=\"elementor-element elementor-element-7bdb9582 e-con-full e-flex e-con e-child\" data-id=\"7bdb9582\" data-element_type=\"container\">\n\t\t\t\t<div class=\"elementor-element elementor-element-67a183f elementor-widget elementor-widget-nav-menu\" data-id=\"67a183f\" data-element_type=\"widget\" data-widget_type=\"nav-menu.default\">\n\t\t\t\t<div class=\"elementor-widget-container\">\n\t\t\t\t\t \t\t\t\t<\/div>\n\t\t\t\t<\/div>\n\t\t\t\t<\/div>\n\t\t<div class=\"elementor-element elementor-element-580eb4fd e-con-full e-flex e-con e-child\" data-id=\"580eb4fd\" data-element_type=\"container\">\n\t\t\t\t<div class=\"elementor-element elementor-element-838c8fd elementor-shape-circle elementor-grid-0 e-grid-align-center elementor-widget elementor-widget-social-icons\" data-id=\"838c8fd\" data-element_type=\"widget\" data-widget_type=\"social-icons.default\">\n\t\t\t\t<div class=\"elementor-widget-container\">\n\t\t\t\t\t\t\t<div class=\"elementor-social-icons-wrapper elementor-grid\" role=\"list\">\n\t\t\t\t\t\t\t<span class=\"elementor-grid-item\" role=\"listitem\">\n\t\t\t\t\t<a class=\"elementor-icon elementor-social-icon elementor-social-icon-facebook elementor-repeater-item-bc52de1\" href=\"https:\/\/www.facebook.com\/magicstudioszentgotthard\" target=\"_blank\">\n\t\t\t\t\t\t<span class=\"elementor-screen-only\">Facebook<\/span>\n\t\t\t\t\t\t<svg aria-hidden=\"true\" class=\"e-font-icon-svg e-fab-facebook\" viewbox=\"0 0 512 512\" xmlns=\"http:\/\/www.w3.org\/2000\/svg\"><path d=\"M504 256C504 119 393 8 256 8S8 119 8 256c0 123.78 90.69 226.38 209.25 245V327.69h-63V256h63v-54.64c0-62.15 37-96.48 93.67-96.48 27.14 0 55.52 4.84 55.52 4.84v61h-31.28c-30.8 0-40.41 19.12-40.41 38.73V256h68.78l-11 71.69h-57.78V501C413.31 482.38 504 379.78 504 256z\"><\/path><\/svg>\t\t\t\t\t<\/a>\n\t\t\t\t<\/span>\n\t\t\t\t\t\t\t<span class=\"elementor-grid-item\" role=\"listitem\">\n\t\t\t\t\t<a class=\"elementor-icon elementor-social-icon elementor-social-icon-facebook-messenger elementor-repeater-item-4e5f24d\" target=\"_blank\">\n\t\t\t\t\t\t<span class=\"elementor-screen-only\">Facebook-messenger<\/span>\n\t\t\t\t\t\t<svg aria-hidden=\"true\" class=\"e-font-icon-svg e-fab-facebook-messenger\" viewbox=\"0 0 512 512\" xmlns=\"http:\/\/www.w3.org\/2000\/svg\"><path d=\"M256.55 8C116.52 8 8 110.34 8 248.57c0 72.3 29.71 134.78 78.07 177.94 8.35 7.51 6.63 11.86 8.05 58.23A19.92 19.92 0 0 0 122 502.31c52.91-23.3 53.59-25.14 62.56-22.7C337.85 521.8 504 423.7 504 248.57 504 110.34 396.59 8 256.55 8zm149.24 185.13l-73 115.57a37.37 37.37 0 0 1-53.91 9.93l-58.08-43.47a15 15 0 0 0-18 0l-78.37 59.44c-10.46 7.93-24.16-4.6-17.11-15.67l73-115.57a37.36 37.36 0 0 1 53.91-9.93l58.06 43.46a15 15 0 0 0 18 0l78.41-59.38c10.44-7.98 24.14 4.54 17.09 15.62z\"><\/path><\/svg>\t\t\t\t\t<\/a>\n\t\t\t\t<\/span>\n\t\t\t\t\t\t\t<span class=\"elementor-grid-item\" role=\"listitem\">\n\t\t\t\t\t<a class=\"elementor-icon elementor-social-icon elementor-social-icon-instagram elementor-repeater-item-49eeaac\" href=\"https:\/\/www.instagram.com\/pmua_bojana_dancsecs\/\" target=\"_blank\">\n\t\t\t\t\t\t<span class=\"elementor-screen-only\">Instagram<\/span>\n\t\t\t\t\t\t<svg aria-hidden=\"true\" class=\"e-font-icon-svg e-fab-instagram\" viewbox=\"0 0 448 512\" xmlns=\"http:\/\/www.w3.org\/2000\/svg\"><path d=\"M224.1 141c-63.6 0-114.9 51.3-114.9 114.9s51.3 114.9 114.9 114.9S339 319.5 339 255.9 287.7 141 224.1 141zm0 189.6c-41.1 0-74.7-33.5-74.7-74.7s33.5-74.7 74.7-74.7 74.7 33.5 74.7 74.7-33.6 74.7-74.7 74.7zm146.4-194.3c0 14.9-12 26.8-26.8 26.8-14.9 0-26.8-12-26.8-26.8s12-26.8 26.8-26.8 26.8 12 26.8 26.8zm76.1 27.2c-1.7-35.9-9.9-67.7-36.2-93.9-26.2-26.2-58-34.4-93.9-36.2-37-2.1-147.9-2.1-184.9 0-35.8 1.7-67.6 9.9-93.9 36.1s-34.4 58-36.2 93.9c-2.1 37-2.1 147.9 0 184.9 1.7 35.9 9.9 67.7 36.2 93.9s58 34.4 93.9 36.2c37 2.1 147.9 2.1 184.9 0 35.9-1.7 67.7-9.9 93.9-36.2 26.2-26.2 34.4-58 36.2-93.9 2.1-37 2.1-147.8 0-184.8zM398.8 388c-7.8 19.6-22.9 34.7-42.6 42.6-29.5 11.7-99.5 9-132.1 9s-102.7 2.6-132.1-9c-19.6-7.8-34.7-22.9-42.6-42.6-11.7-29.5-9-99.5-9-132.1s-2.6-102.7 9-132.1c7.8-19.6 22.9-34.7 42.6-42.6 29.5-11.7 99.5-9 132.1-9s102.7-2.6 132.1 9c19.6 7.8 34.7 22.9 42.6 42.6 11.7 29.5 9 99.5 9 132.1s2.7 102.7-9 132.1z\"><\/path><\/svg>\t\t\t\t\t<\/a>\n\t\t\t\t<\/span>\n\t\t\t\t\t<\/div>\n\t\t\t\t\t\t<\/div>\n\t\t\t\t<\/div>\n\t\t\t\t<\/div>\n\t\t\t\t<\/div>\n\t\t<div class=\"elementor-element elementor-element-177a5721 e-flex e-con-boxed e-con e-parent\" data-id=\"177a5721\" data-element_type=\"container\" data-settings=\"{&quot;background_background&quot;:&quot;classic&quot;}\">\n\t\t\t\t\t<div class=\"e-con-inner\">\n\t\t\t\t<div class=\"elementor-element elementor-element-3c8017a7 elementor-widget-mobile__width-inherit elementor-widget elementor-widget-gallery\" data-id=\"3c8017a7\" data-element_type=\"widget\" data-settings=\"{&quot;_animation&quot;:&quot;none&quot;}\" data-widget_type=\"gallery.default\">\n\t\t\t\t<div class=\"elementor-widget-container\">\n\t\t\t\t\t \t\t\t\t<\/div>\n\t\t\t\t<\/div>\n\t\t\t\t\t<\/div>\n\t\t\t\t<\/div>\n\t\t\t\t<\/div>","protected":false},"excerpt":{"rendered":"<p>Facebook Facebook-messenger Instagram Szem\u00f6ld\u00f6ktetov\u00e1l\u00e1s Szemh\u00e9jtetov\u00e1l\u00e1s Szem\u00f6ld\u00f6ktetov\u00e1l\u00e1s Szem\u00f6ld\u00f6ktetov\u00e1l\u00e1s Szem\u00f6ld\u00f6ktetov\u00e1l\u00e1s Szem\u00f6ld\u00f6ktetov\u00e1l\u00e1s Szem\u00f6ld\u00f6ktetov\u00e1l\u00e1s Szem\u00f6ld\u00f6ktetov\u00e1l\u00e1s Szem\u00f6ld\u00f6ktetov\u00e1l\u00e1s Szem\u00f6ld\u00f6ktetov\u00e1l\u00e1s Szem\u00f6ld\u00f6ktetov\u00e1l\u00e1s Szemh\u00e9jtetov\u00e1l\u00e1s Szem\u00f6ld\u00f6ktetov\u00e1l\u00e1s Szem\u00f6ld\u00f6ktetov\u00e1l\u00e1s Szem\u00f6ld\u00f6ktetov\u00e1l\u00e1s Szem\u00f6ld\u00f6ktetov\u00e1l\u00e1s Szem\u00f6ld\u00f6ktetov\u00e1l\u00e1s Szemh\u00e9jtetov\u00e1l\u00e1s Szemh\u00e9jtetov\u00e1l\u00e1s<\/p>","protected":false},"author":1,"featured_media":0,"parent":0,"menu_order":0,"comment_status":"closed","ping_status":"closed","template":"elementor_header_footer","meta":{"footnotes":""},"class_list":["post-55","page","type-page","status-publish","hentry","entry"],"rttpg_featured_image_url":null,"rttpg_author":{"display_name":"Boj\u00e1na","author_link":"https:\/\/bojana.magic-studio.hu\/de\/author\/bojana_admn\/"},"rttpg_comment":0,"rttpg_category":null,"rttpg_excerpt":"Facebook Facebook-messenger Instagram Szem\u00f6ld\u00f6ktetov\u00e1l\u00e1s Szemh\u00e9jtetov\u00e1l\u00e1s Szem\u00f6ld\u00f6ktetov\u00e1l\u00e1s Szem\u00f6ld\u00f6ktetov\u00e1l\u00e1s Szem\u00f6ld\u00f6ktetov\u00e1l\u00e1s Szem\u00f6ld\u00f6ktetov\u00e1l\u00e1s Szem\u00f6ld\u00f6ktetov\u00e1l\u00e1s Szem\u00f6ld\u00f6ktetov\u00e1l\u00e1s Szem\u00f6ld\u00f6ktetov\u00e1l\u00e1s Szem\u00f6ld\u00f6ktetov\u00e1l\u00e1s Szem\u00f6ld\u00f6ktetov\u00e1l\u00e1s Szemh\u00e9jtetov\u00e1l\u00e1s Szem\u00f6ld\u00f6ktetov\u00e1l\u00e1s Szem\u00f6ld\u00f6ktetov\u00e1l\u00e1s Szem\u00f6ld\u00f6ktetov\u00e1l\u00e1s Szem\u00f6ld\u00f6ktetov\u00e1l\u00e1s Szem\u00f6ld\u00f6ktetov\u00e1l\u00e1s Szemh\u00e9jtetov\u00e1l\u00e1s Szemh\u00e9jtetov\u00e1l\u00e1s","_links":{"self":[{"href":"https:\/\/bojana.magic-studio.hu\/de\/wp-json\/wp\/v2\/pages\/55","targetHints":{"allow":["GET"]}}],"collection":[{"href":"https:\/\/bojana.magic-studio.hu\/de\/wp-json\/wp\/v2\/pages"}],"about":[{"href":"https:\/\/bojana.magic-studio.hu\/de\/wp-json\/wp\/v2\/types\/page"}],"author":[{"embeddable":true,"href":"https:\/\/bojana.magic-studio.hu\/de\/wp-json\/wp\/v2\/users\/1"}],"replies":[{"embeddable":true,"href":"https:\/\/bojana.magic-studio.hu\/de\/wp-json\/wp\/v2\/comments?post=55"}],"version-history":[{"count":73,"href":"https:\/\/bojana.magic-studio.hu\/de\/wp-json\/wp\/v2\/pages\/55\/revisions"}],"predecessor-version":[{"id":5465,"href":"https:\/\/bojana.magic-studio.hu\/de\/wp-json\/wp\/v2\/pages\/55\/revisions\/5465"}],"wp:attachment":[{"href":"https:\/\/bojana.magic-studio.hu\/de\/wp-json\/wp\/v2\/media?parent=55"}],"curies":[{"name":"wp","href":"https:\/\/api.w.org\/{rel}","templated":true}]}}